{"id":464,"date":"2023-04-01T19:28:49","date_gmt":"2023-04-01T19:28:49","guid":{"rendered":"https:\/\/segmentes.com\/?page_id=464"},"modified":"2023-04-01T19:32:02","modified_gmt":"2023-04-01T19:32:02","slug":"politica-de-envio","status":"publish","type":"page","link":"https:\/\/segmentes.com\/index.php\/politica-de-envio\/","title":{"rendered":"Pol\u00edtica de env\u00edo"},"content":{"rendered":"\t\t<div data-elementor-type=\"wp-page\" data-elementor-id=\"464\" class=\"elementor elementor-464\" data-elementor-post-type=\"page\">\n\t\t\t\t\t\t<section class=\"elementor-section elementor-top-section elementor-element elementor-element-5cb52e2 elementor-section-boxed elementor-section-height-default elementor-section-height-default\" data-id=\"5cb52e2\" data-element_type=\"section\" data-e-type=\"section\">\n\t\t\t\t\t\t<div class=\"elementor-container elementor-column-gap-default\">\n\t\t\t\t\t<div class=\"elementor-column elementor-col-100 elementor-top-column elementor-element elementor-element-964c6d0\" data-id=\"964c6d0\" data-element_type=\"column\" data-e-type=\"column\">\n\t\t\t<div class=\"elementor-widget-wrap elementor-element-populated\">\n\t\t\t\t\t\t<div class=\"elementor-element elementor-element-c372374 elementor-widget elementor-widget-heading\" data-id=\"c372374\" data-element_type=\"widget\" data-e-type=\"widget\" data-widget_type=\"heading.default\">\n\t\t\t\t<div class=\"elementor-widget-container\">\n\t\t\t\t\t<h2 class=\"elementor-heading-title elementor-size-default\">Pol\u00edtica de env\u00edo<\/h2>\t\t\t\t<\/div>\n\t\t\t\t<\/div>\n\t\t\t\t<div class=\"elementor-element elementor-element-a6dc285 elementor-widget elementor-widget-text-editor\" data-id=\"a6dc285\" data-element_type=\"widget\" data-e-type=\"widget\" data-widget_type=\"text-editor.default\">\n\t\t\t\t<div class=\"elementor-widget-container\">\n\t\t\t\t\t\t\t\t\t<p>En primer lugar, queremos asegurarle que su pedido llegar\u00e1 lo antes posible. Por lo general, el tiempo de entrega oscila entre 3 y 5 d\u00edas laborables para la Pen\u00ednsula, mientras que para los pa\u00edses de la UE suele tardar alrededor de 10 d\u00edas laborables. Si su pedido se dirige al resto del mundo, puede esperar recibirlo en un plazo de 15 d\u00edas.<\/p><p>Sin embargo, tenga en cuenta que estos son tiempos tentativos de entrega. El tiempo exacto de llegada se le comunicar\u00e1 en el momento del env\u00edo. Si necesita alguna instrucci\u00f3n especial o tiene alguna pregunta acerca del env\u00edo, no dude en ponerse en contacto con nosotros. Nos encantar\u00eda ayudarle en todo lo que podamos.<\/p><p>A continuaci\u00f3n, encontrar\u00e1 nuestros precios de env\u00edo detallados para Espa\u00f1a y el resto de la UE. Tenga en cuenta que los precios var\u00edan seg\u00fan el peso de su pedido.<\/p><p>Env\u00edo Espa\u00f1a:<br \/>5gr &#8211; 50gr: 3,60\u20ac<br \/>51gr &#8211; 100gr: 4,00\u20ac<br \/>101gr &#8211; 500gr: 6,10\u20ac<br \/>501gr &#8211; 1kg: 7,90\u20ac<br \/>1,1kg &#8211; 2kg: 8,35\u20ac<br \/>2,1kg &#8211; 5kg: 17,00\u20ac<\/p><p>Env\u00edo resto de la UE:<br \/>5gr &#8211; 50gr: 5,50\u20ac<br \/>51gr &#8211; 100gr: 6,25\u20ac<br \/>101gr &#8211; 500gr: 10,40\u20ac<br \/>501gr &#8211; 1kg: 16,90\u20ac<br \/>1,1kg &#8211; 2kg: 24,75\u20ac<br \/>2,1kg &#8211; 5kg: 35,00\u20ac<\/p><p>Esperamos que estos precios sean de su agrado. No dude en hacer su pedido hoy mismo y disfrute de nuestros productos de alta calidad.<\/p>\t\t\t\t\t\t\t\t<\/div>\n\t\t\t\t<\/div>\n\t\t\t\t\t<\/div>\n\t\t<\/div>\n\t\t\t\t\t<\/div>\n\t\t<\/section>\n\t\t\t\t<\/div>\n\t\t","protected":false},"excerpt":{"rendered":"<p>En primer lugar, queremos asegurarle que su pedido llegar\u00e1 lo antes posible. Por lo general, el tiempo de entrega oscila entre 3 y 5 d\u00edas laborables para la Pen\u00ednsula, mientras que para los pa\u00edses de la UE suele tardar alrededor de 10 d\u00edas laborables. Si su pedido se dirige al resto del mundo, puede esperar [&hellip;]<\/p>\n","protected":false},"author":1,"featured_media":0,"parent":0,"menu_order":0,"comment_status":"closed","ping_status":"closed","template":"elementor_header_footer","meta":{"footnotes":""},"class_list":["post-464","page","type-page","status-publish","hentry"],"_links":{"self":[{"href":"https:\/\/segmentes.com\/index.php\/wp-json\/wp\/v2\/pages\/464"}],"collection":[{"href":"https:\/\/segmentes.com\/index.php\/wp-json\/wp\/v2\/pages"}],"about":[{"href":"https:\/\/segmentes.com\/index.php\/wp-json\/wp\/v2\/types\/page"}],"author":[{"embeddable":true,"href":"https:\/\/segmentes.com\/index.php\/wp-json\/wp\/v2\/users\/1"}],"replies":[{"embeddable":true,"href":"https:\/\/segmentes.com\/index.php\/wp-json\/wp\/v2\/comments?post=464"}],"version-history":[{"count":5,"href":"https:\/\/segmentes.com\/index.php\/wp-json\/wp\/v2\/pages\/464\/revisions"}],"predecessor-version":[{"id":469,"href":"https:\/\/segmentes.com\/index.php\/wp-json\/wp\/v2\/pages\/464\/revisions\/469"}],"wp:attachment":[{"href":"https:\/\/segmentes.com\/index.php\/wp-json\/wp\/v2\/media?parent=464"}],"curies":[{"name":"wp","href":"https:\/\/api.w.org\/{rel}","templated":true}]}}