{"id":470,"date":"2023-04-01T19:28:49","date_gmt":"2023-04-01T19:28:49","guid":{"rendered":"https:\/\/segmentes.com\/index.php\/politica-de-envio-2\/"},"modified":"2023-04-01T19:39:45","modified_gmt":"2023-04-01T19:39:45","slug":"politica-de-reembolso","status":"publish","type":"page","link":"https:\/\/segmentes.com\/index.php\/politica-de-reembolso\/","title":{"rendered":"Pol\u00edtica de reembolso"},"content":{"rendered":"\t\t<div data-elementor-type=\"wp-page\" data-elementor-id=\"470\" class=\"elementor elementor-470\" data-elementor-post-type=\"page\">\n\t\t\t\t\t\t<section class=\"elementor-section elementor-top-section elementor-element elementor-element-5cb52e2 elementor-section-boxed elementor-section-height-default elementor-section-height-default\" data-id=\"5cb52e2\" data-element_type=\"section\" data-e-type=\"section\">\n\t\t\t\t\t\t<div class=\"elementor-container elementor-column-gap-default\">\n\t\t\t\t\t<div class=\"elementor-column elementor-col-100 elementor-top-column elementor-element elementor-element-964c6d0\" data-id=\"964c6d0\" data-element_type=\"column\" data-e-type=\"column\">\n\t\t\t<div class=\"elementor-widget-wrap elementor-element-populated\">\n\t\t\t\t\t\t<div class=\"elementor-element elementor-element-c372374 elementor-widget elementor-widget-heading\" data-id=\"c372374\" data-element_type=\"widget\" data-e-type=\"widget\" data-widget_type=\"heading.default\">\n\t\t\t\t<div class=\"elementor-widget-container\">\n\t\t\t\t\t<h2 class=\"elementor-heading-title elementor-size-default\">Pol\u00edtica de reembolso<\/h2>\t\t\t\t<\/div>\n\t\t\t\t<\/div>\n\t\t\t\t<div class=\"elementor-element elementor-element-a6dc285 elementor-widget elementor-widget-text-editor\" data-id=\"a6dc285\" data-element_type=\"widget\" data-e-type=\"widget\" data-widget_type=\"text-editor.default\">\n\t\t\t\t<div class=\"elementor-widget-container\">\n\t\t\t\t\t\t\t\t\t<p>En Segmente.com, nos comprometemos a ofrecerle productos de la mejor calidad y servicio al cliente excepcional. Si por alguna raz\u00f3n no est\u00e1 satisfecho con su pedido, haremos todo lo posible para remediarlo.<\/p>\n<p>\u00a0<\/p>\n<p>Si desea devolver su producto, por favor h\u00e1galo dentro de los 14 d\u00edas naturales despu\u00e9s de haberlo recibido. El producto debe ser devuelto en las mismas condiciones en las que fue entregado, con su empaque original. Tenga en cuenta que no podemos reembolsar los gastos de transporte.<\/p>\n<p>\u00a0<\/p>\n<p>Para procesar una devoluci\u00f3n, deber\u00e1 completar un formulario especial de devoluciones que puede solicitar a trav\u00e9s de nuestro correo electr\u00f3nico de atenci\u00f3n al cliente: prosegmentos@gmail.com. Tenga en cuenta que no somos responsables de cualquier extrav\u00edo o da\u00f1o que pueda sufrir el empaque durante el proceso de devoluci\u00f3n. Una vez que hayamos recibido el producto, procederemos a reembolsar el monto total pagado por el producto.<\/p>\n<p>\u00a0<\/p>\n<p>Tenga en cuenta que no se aceptar\u00e1n devoluciones ni cambios de art\u00edculos con descuento, hechos a mano o personalizados. Nuestra pol\u00edtica de reembolso est\u00e1 dise\u00f1ada para asegurar su satisfacci\u00f3n con nuestros productos y servicios. Si tiene alguna pregunta o inquietud, no dude en ponerse en contacto con nosotros a trav\u00e9s de nuestro correo electr\u00f3nico de atenci\u00f3n al cliente.<\/p>\t\t\t\t\t\t\t\t<\/div>\n\t\t\t\t<\/div>\n\t\t\t\t\t<\/div>\n\t\t<\/div>\n\t\t\t\t\t<\/div>\n\t\t<\/section>\n\t\t\t\t<\/div>\n\t\t","protected":false},"excerpt":{"rendered":"<p>En Segmente.com, nos comprometemos a ofrecerle productos de la mejor calidad y servicio al cliente excepcional. Si por alguna raz\u00f3n no est\u00e1 satisfecho con su pedido, haremos todo lo posible para remediarlo. Si desea devolver su producto, por favor h\u00e1galo dentro de los 14 d\u00edas naturales despu\u00e9s de haberlo recibido. El producto debe ser devuelto [&hellip;]<\/p>\n","protected":false},"author":1,"featured_media":0,"parent":0,"menu_order":0,"comment_status":"closed","ping_status":"closed","template":"elementor_header_footer","meta":{"footnotes":""},"class_list":["post-470","page","type-page","status-publish","hentry"],"_links":{"self":[{"href":"https:\/\/segmentes.com\/index.php\/wp-json\/wp\/v2\/pages\/470"}],"collection":[{"href":"https:\/\/segmentes.com\/index.php\/wp-json\/wp\/v2\/pages"}],"about":[{"href":"https:\/\/segmentes.com\/index.php\/wp-json\/wp\/v2\/types\/page"}],"author":[{"embeddable":true,"href":"https:\/\/segmentes.com\/index.php\/wp-json\/wp\/v2\/users\/1"}],"replies":[{"embeddable":true,"href":"https:\/\/segmentes.com\/index.php\/wp-json\/wp\/v2\/comments?post=470"}],"version-history":[{"count":16,"href":"https:\/\/segmentes.com\/index.php\/wp-json\/wp\/v2\/pages\/470\/revisions"}],"predecessor-version":[{"id":486,"href":"https:\/\/segmentes.com\/index.php\/wp-json\/wp\/v2\/pages\/470\/revisions\/486"}],"wp:attachment":[{"href":"https:\/\/segmentes.com\/index.php\/wp-json\/wp\/v2\/media?parent=470"}],"curies":[{"name":"wp","href":"https:\/\/api.w.org\/{rel}","templated":true}]}}