{"id":487,"date":"2023-04-01T19:40:34","date_gmt":"2023-04-01T19:40:34","guid":{"rendered":"https:\/\/segmentes.com\/?page_id=487"},"modified":"2023-04-01T19:47:39","modified_gmt":"2023-04-01T19:47:39","slug":"politica-de-privacidad","status":"publish","type":"page","link":"https:\/\/segmentes.com\/index.php\/politica-de-privacidad\/","title":{"rendered":"Pol\u00edtica de Privacidad"},"content":{"rendered":"\t\t<div data-elementor-type=\"wp-page\" data-elementor-id=\"487\" class=\"elementor elementor-487\" data-elementor-post-type=\"page\">\n\t\t\t\t\t\t<section class=\"elementor-section elementor-top-section elementor-element elementor-element-5cb52e2 elementor-section-boxed elementor-section-height-default elementor-section-height-default\" data-id=\"5cb52e2\" data-element_type=\"section\" data-e-type=\"section\">\n\t\t\t\t\t\t<div class=\"elementor-container elementor-column-gap-default\">\n\t\t\t\t\t<div class=\"elementor-column elementor-col-100 elementor-top-column elementor-element elementor-element-964c6d0\" data-id=\"964c6d0\" data-element_type=\"column\" data-e-type=\"column\">\n\t\t\t<div class=\"elementor-widget-wrap elementor-element-populated\">\n\t\t\t\t\t\t<div class=\"elementor-element elementor-element-c372374 elementor-widget elementor-widget-heading\" data-id=\"c372374\" data-element_type=\"widget\" data-e-type=\"widget\" data-widget_type=\"heading.default\">\n\t\t\t\t<div class=\"elementor-widget-container\">\n\t\t\t\t\t<h2 class=\"elementor-heading-title elementor-size-default\">Pol\u00edtica de Privacidad<\/h2>\t\t\t\t<\/div>\n\t\t\t\t<\/div>\n\t\t\t\t<div class=\"elementor-element elementor-element-dab85ab elementor-widget elementor-widget-text-editor\" data-id=\"dab85ab\" data-element_type=\"widget\" data-e-type=\"widget\" data-widget_type=\"text-editor.default\">\n\t\t\t\t<div class=\"elementor-widget-container\">\n\t\t\t\t\t\t\t\t\t<p><span style=\"color: var( --e-global-color-text ); font-family: var( --e-global-typography-text-font-family ), Sans-serif; font-size: var( --e-global-typography-text-font-size ); letter-spacing: var( --e-global-typography-b2ce6af-letter-spacing ); word-spacing: var( --e-global-typography-b2ce6af-word-spacing );\">SECCI\u00d3N 1 &#8211; \u00bfCU\u00c1L ES NUESTRO MANEJO DE TU INFORMACI\u00d3N?<\/span><\/p>\n<p><\/p>\n<p>Como parte del proceso de compra-venta en Segmentes.com, recolectamos informaci\u00f3n personal como tu nombre, direcci\u00f3n y correo electr\u00f3nico.<\/p>\n<p><\/p>\n<p>Adem\u00e1s, al navegar en nuestro sitio web, recibimos autom\u00e1ticamente la direcci\u00f3n de protocolo de internet de tu ordenador (IP) para brindarnos informaci\u00f3n que nos ayuda a conocer sobre tu navegador y sistema operativo.<\/p>\n<p><\/p>\n<p>Si nos permites, tambi\u00e9n podremos enviarte correos electr\u00f3nicos acerca de nuevos productos y actualizaciones.<\/p>\n<p><\/p>\n<p>SECCI\u00d3N 2 &#8211; CONSENTIMIENTO<\/p>\n<p><\/p>\n<p>\u00bfC\u00f3mo obtenemos tu consentimiento?<\/p>\n<p><\/p>\n<p>Cuando proporcionas tu informaci\u00f3n personal para completar una transacci\u00f3n, verificar tu tarjeta de cr\u00e9dito, crear una orden, concertar un env\u00edo o hacer una devoluci\u00f3n, aceptas que recolectemos y usemos esa informaci\u00f3n solamente para esa raz\u00f3n espec\u00edfica.<\/p>\n<p><\/p>\n<p>Si te pedimos tu informaci\u00f3n personal por una raz\u00f3n secundaria, como marketing, te pediremos tu consentimiento directamente o te daremos la oportunidad de negarte.<\/p>\n<p><\/p>\n<p>\u00bfC\u00f3mo puedo revocar mi consentimiento?<\/p>\n<p><\/p>\n<p>Si despu\u00e9s de haber aceptado cambias de opini\u00f3n, puedes revocar tu consentimiento en cualquier momento para que dejemos de contactarte, recolectar, usar o divulgar tu informaci\u00f3n, contact\u00e1ndonos a prosegmentos@gmail.com o escribi\u00e9ndonos a: Calle Carril del Conde 82, Madrid, Espa\u00f1a.<\/p>\n<p><\/p>\n<p>SECCI\u00d3N 3 &#8211; DIVULGACI\u00d3N<\/p>\n<p><\/p>\n<p>Podemos divulgar tu informaci\u00f3n personal si se nos requiere por ley o si violas nuestros T\u00e9rminos de Servicio.<\/p>\n<p><\/p>\n<p>SECCI\u00d3N 4 &#8211; ALOJAMIENTO<\/p>\n<p><\/p>\n<p>Segmentes.com se encuentra alojado en Hostinger, quienes proporcionan la plataforma de comercio electr\u00f3nico en l\u00ednea que nos permite venderte nuestros productos y servicios.<\/p>\n<p><\/p>\n<p>Tus datos se almacenan en servidores seguros detr\u00e1s de un firewall.<\/p>\n<p><\/p>\n<p>Pago:<\/p>\n<p><\/p>\n<p>Si eliges una pasarela de pago directo para completar tu compra, entonces Prosegmentos SL no almacenar\u00e1 los datos de tu tarjeta de cr\u00e9dito. Estos datos se encriptan a trav\u00e9s de la Seguridad Est\u00e1ndar de Datos de la Industria de Tarjetas de Pago (PCI-DSS). Tus datos de transacci\u00f3n de compra se almacenan solo en la medida en que sea necesario para completar la transacci\u00f3n de compra. Despu\u00e9s de que se haya completado, se borrar\u00e1 la informaci\u00f3n de tu transacci\u00f3n de compra.<\/p>\n<p><\/p>\n<p>Todas las pasarelas de pago directo se adhieren a los est\u00e1ndares establecidos por PCI-DSS como lo indicado por el Consejo de Normas de Seguridad de PCI, que es un esfuerzo conjunto de marcas como Visa, MasterCard, American Express y Discover.<\/p>\n<p><\/p>\n<p>Para m\u00e1s informaci\u00f3n, consulta las Condiciones de Servicio.<\/p>\n<p><\/p>\n<p>SECCI\u00d3N 5 &#8211; SERVICIOS DE TERCERAS PARTES<\/p>\n<p><\/p>\n<p>En general, los proveedores de terceros utilizados por nosotros solo recopilar\u00e1n, usar\u00e1n y divulgar\u00e1n tu informaci\u00f3n en la medida que sea necesaria para que les permita desempe\u00f1ar los servicios que nos proveen.<\/p>\n<p><\/p>\n<p>Para estos proveedores, te recomendamos leer sus pol\u00edticas de privacidad para que puedas entender c\u00f3mo manejan tu informaci\u00f3n personal.<\/p>\n<p><\/p>\n<p>SECCI\u00d3N 6 &#8211; SEGURIDAD<\/p>\n<p>Tomamos precauciones razonables y seguimos las mejores pr\u00e1cticas de la industria para proteger tu informaci\u00f3n personal y evitar su p\u00e9rdida, mal uso, acceso, divulgaci\u00f3n, alteraci\u00f3n o destrucci\u00f3n.<\/p>\n<p><\/p>\n<p>Si nos proporcionas informaci\u00f3n de tu tarjeta de cr\u00e9dito, esta se encriptar\u00e1 mediante la tecnolog\u00eda Secure Socket Layer (SSL) y se almacenar\u00e1 con un cifrado AES-256. Aunque ning\u00fan m\u00e9todo de transmisi\u00f3n a trav\u00e9s de Internet o de almacenamiento electr\u00f3nico es 100% seguro, seguimos todos los requisitos de PCI-DSS e implementamos normas adicionales aceptadas por la industria.<\/p>\n<p><\/p>\n<p>COOKIES<\/p>\n<p>SECCI\u00d3N 1 &#8211; \u00bfCU\u00c1L ES NUESTRO MANEJO DE TU INFORMACI\u00d3N?<\/p>\n<p><\/p>\n<p>Como parte del proceso de compra-venta en Segmentes.com, recolectamos informaci\u00f3n personal como tu nombre, direcci\u00f3n y correo electr\u00f3nico.<\/p>\n<p><\/p>\n<p>Adem\u00e1s, al navegar en nuestro sitio web, recibimos autom\u00e1ticamente la direcci\u00f3n de protocolo de internet de tu ordenador (IP) para brindarnos informaci\u00f3n que nos ayuda a conocer sobre tu navegador y sistema operativo.<\/p>\n<p><\/p>\n<p>Si nos permites, tambi\u00e9n podremos enviarte correos electr\u00f3nicos acerca de nuevos productos y actualizaciones.<\/p>\n<p><\/p>\n<p>SECCI\u00d3N 2 &#8211; CONSENTIMIENTO<\/p>\n<p><\/p>\n<p>\u00bfC\u00f3mo obtenemos tu consentimiento?<\/p>\n<p><\/p>\n<p>Cuando proporcionas tu informaci\u00f3n personal para completar una transacci\u00f3n, verificar tu tarjeta de cr\u00e9dito, crear una orden, concertar un env\u00edo o hacer una devoluci\u00f3n, aceptas que recolectemos y usemos esa informaci\u00f3n solamente para esa raz\u00f3n espec\u00edfica.<\/p>\n<p><\/p>\n<p>Si te pedimos tu informaci\u00f3n personal por una raz\u00f3n secundaria, como marketing, te pediremos tu consentimiento directamente o te daremos la oportunidad de negarte.<\/p>\n<p><\/p>\n<p>\u00bfC\u00f3mo puedo revocar mi consentimiento?<\/p>\n<p><\/p>\n<p>Si despu\u00e9s de haber aceptado cambias de opini\u00f3n, puedes revocar tu consentimiento en cualquier momento para que dejemos de contactarte, recolectar, usar o divulgar tu informaci\u00f3n, contact\u00e1ndonos a prosegmentos@gmail.com o escribi\u00e9ndonos a: Calle Carril del Conde 82, Madrid, Espa\u00f1a.<\/p>\n<p><\/p>\n<p>SECCI\u00d3N 3 &#8211; DIVULGACI\u00d3N<\/p>\n<p><\/p>\n<p>Podemos divulgar tu informaci\u00f3n personal si se nos requiere por ley o si violas nuestros T\u00e9rminos de Servicio.<\/p>\n<p><\/p>\n<p>SECCI\u00d3N 4 &#8211; ALOJAMIENTO<\/p>\n<p><\/p>\n<p>Segmentes.com se encuentra alojado en Hostinger, quienes proporcionan la plataforma de comercio electr\u00f3nico en l\u00ednea que nos permite venderte nuestros productos y servicios.<\/p>\n<p><\/p>\n<p>Tus datos se almacenan en servidores seguros detr\u00e1s de un firewall.<\/p>\n<p><\/p>\n<p>Pago:<\/p>\n<p><\/p>\n<p>Si eliges una pasarela de pago directo para completar tu compra, entonces Prosegmentos SL no almacenar\u00e1 los datos de tu tarjeta de cr\u00e9dito. Estos datos se encriptan a trav\u00e9s de la Seguridad Est\u00e1ndar de Datos de la Industria de Tarjetas de Pago (PCI-DSS). Tus datos de transacci\u00f3n de compra se almacenan solo en la medida en que sea necesario para completar la transacci\u00f3n de compra. Despu\u00e9s de que se haya completado, se borrar\u00e1 la informaci\u00f3n de tu transacci\u00f3n de compra.<\/p>\n<p><\/p>\n<p>Todas las pasarelas de pago directo se adhieren a los est\u00e1ndares establecidos por PCI-DSS como lo indicado por el Consejo de Normas de Seguridad de PCI, que es un esfuerzo conjunto de marcas como Visa, MasterCard, American Express y Discover.<\/p>\n<p><\/p>\n<p>Para m\u00e1s informaci\u00f3n, consulta las Condiciones de Servicio.<\/p>\n<p><\/p>\n<p>SECCI\u00d3N 5 &#8211; SERVICIOS DE TERCERAS PARTES<\/p>\n<p><\/p>\n<p>En general, los proveedores de terceros utilizados por nosotros solo recopilar\u00e1n, usar\u00e1n y divulgar\u00e1n tu informaci\u00f3n en la medida que sea necesaria para que les permita desempe\u00f1ar los servicios que nos proveen.<\/p>\n<p><\/p>\n<p>Para estos proveedores, te recomendamos leer sus pol\u00edticas de privacidad para que puedas entender c\u00f3mo manejan tu informaci\u00f3n personal.<\/p>\n<p><\/p>\n<p>SECCI\u00d3N 6 &#8211; SEGURIDAD<\/p>\n<p>Tomamos precauciones razonables y seguimos las mejores pr\u00e1cticas de la industria para proteger tu informaci\u00f3n personal y evitar su p\u00e9rdida, mal uso, acceso, divulgaci\u00f3n, alteraci\u00f3n o destrucci\u00f3n.<\/p>\n<p><\/p>\n<p>Si nos proporcionas informaci\u00f3n de tu tarjeta de cr\u00e9dito, esta se encriptar\u00e1 mediante la tecnolog\u00eda Secure Socket Layer (SSL) y se almacenar\u00e1 con un cifrado AES-256. Aunque ning\u00fan m\u00e9todo de transmisi\u00f3n a trav\u00e9s de Internet o de almacenamiento electr\u00f3nico es 100% seguro, seguimos todos los requisitos de PCI-DSS e implementamos normas adicionales aceptadas por la industria.<\/p>\n<p><\/p>\n<p>COOKIES<\/p>\n<ul>\n<li>\n<p>Cookies de WordPress: WordPress utiliza cookies para autenticar a los usuarios y mantener su sesi\u00f3n abierta mientras navegan por el sitio. Tambi\u00e9n pueden utilizarse cookies para almacenar preferencias de idioma y otros ajustes de usuario.<\/p>\n<\/li>\n<li>\n<p>Cookies de Hostinguer: Hostinguer es un servicio de alojamiento web que puede utilizar cookies para realizar un seguimiento de las visitas y el uso del sitio web. Estas cookies pueden incluir informaci\u00f3n sobre el navegador y la ubicaci\u00f3n del usuario, as\u00ed como la actividad en el sitio web.<\/p>\n<\/li>\n<li>\n<p>Cookies de WooCommerce: WooCommerce es una plataforma de comercio electr\u00f3nico que utiliza cookies para mantener el estado de la sesi\u00f3n del carrito de compras, registrar las preferencias del usuario y realizar un seguimiento de las ventas y el rendimiento del sitio web. Tambi\u00e9n pueden utilizarse cookies para realizar un seguimiento de la actividad del usuario y personalizar la experiencia de compra.<\/p>\n<\/li>\n<\/ul>\n<p>SECCI\u00d3N 7 &#8211; EDAD DE CONSENTIMIENTO<\/p>\n<p><\/p>\n<p>Al utilizar nuestro sitio web, declaras que tienes la mayor\u00eda de edad en tu estado o provincia de residencia, o que tienes la mayor\u00eda de edad en tu estado o provincia de residencia y que has dado tu consentimiento para permitir que cualquier dependiente menor tuyo use este sitio.<\/p>\n<p><\/p>\n<p>SECCI\u00d3N 8 &#8211; CAMBIOS A ESTA POL\u00cdTICA DE PRIVACIDAD<\/p>\n<p><\/p>\n<p>Nos reservamos el derecho de modificar esta pol\u00edtica de privacidad en cualquier momento, por lo que te pedimos que la revises frecuentemente. Los cambios y aclaraciones entrar\u00e1n en vigor inmediatamente despu\u00e9s de su publicaci\u00f3n en nuestro sitio web. Si hacemos cambios materiales a esta pol\u00edtica, te notificaremos aqu\u00ed que ha sido actualizada, para que est\u00e9s al tanto de qu\u00e9 informaci\u00f3n recopilamos, c\u00f3mo y bajo qu\u00e9 circunstancias, si las hubiere, la utilizamos y\/o divulgamos.<\/p>\n<p><\/p>\n<p>Si nuestra tienda es adquirida o fusionada con otra empresa, tu informaci\u00f3n personal puede ser transferida a los nuevos propietarios, para que podamos seguir vendi\u00e9ndote productos.<\/p>\n<p><\/p>\n<p>PREGUNTAS E INFORMACI\u00d3N DE CONTACTO<\/p>\n<p><\/p>\n<p>Si deseas acceder, corregir, enmendar o borrar cualquier informaci\u00f3n personal que poseamos sobre ti, registrar una queja o simplemente obtener m\u00e1s informaci\u00f3n, cont\u00e1ctanos en prosegmentos@gmail.com o escr\u00edbenos a: Calle Carril del Conde 82, Madrid, Espa\u00f1a.<\/p>\n<p>SECCI\u00d3N 7 &#8211; EDAD DE CONSENTIMIENTO<\/p>\n<p><\/p>\n<p>Al utilizar nuestro sitio web, declaras que tienes la mayor\u00eda de edad en tu estado o provincia de residencia, o que tienes la mayor\u00eda de edad en tu estado o provincia de residencia y que has dado tu consentimiento para permitir que cualquier dependiente menor tuyo use este sitio.<\/p>\n<p><\/p>\n<p>SECCI\u00d3N 8 &#8211; CAMBIOS A ESTA POL\u00cdTICA DE PRIVACIDAD<\/p>\n<p><\/p>\n<p>Nos reservamos el derecho de modificar esta pol\u00edtica de privacidad en cualquier momento, por lo que te pedimos que la revises frecuentemente. Los cambios y aclaraciones entrar\u00e1n en vigor inmediatamente despu\u00e9s de su publicaci\u00f3n en nuestro sitio web. Si hacemos cambios materiales a esta pol\u00edtica, te notificaremos aqu\u00ed que ha sido actualizada, para que est\u00e9s al tanto de qu\u00e9 informaci\u00f3n recopilamos, c\u00f3mo y bajo qu\u00e9 circunstancias, si las hubiere, la utilizamos y\/o divulgamos.<\/p>\n<p><\/p>\n<p>Si nuestra tienda es adquirida o fusionada con otra empresa, tu informaci\u00f3n personal puede ser transferida a los nuevos propietarios, para que podamos seguir vendi\u00e9ndote productos.<\/p>\n<p><\/p>\n<p>PREGUNTAS E INFORMACI\u00d3N DE CONTACTO<\/p>\n<p><\/p>\n<p>Si deseas acceder, corregir, enmendar o borrar cualquier informaci\u00f3n personal que poseamos sobre ti, registrar una queja o simplemente obtener m\u00e1s informaci\u00f3n, cont\u00e1ctanos en prosegmentos@gmail.com o escr\u00edbenos a: Calle Carril del Conde 82, Madrid, Espa\u00f1a.<\/p>\n<p>SECCI\u00d3N 7 &#8211; EDAD DE CONSENTIMIENTO<\/p>\n<p>Al utilizar nuestro sitio web, declaras que tienes la mayor\u00eda de edad en tu estado o provincia de residencia, o que tienes la mayor\u00eda de edad en tu estado o provincia de residencia y que has dado tu consentimiento para permitir que cualquier dependiente menor tuyo use este sitio.<\/p>\n<p>SECCI\u00d3N 8 &#8211; CAMBIOS A ESTA POL\u00cdTICA DE PRIVACIDAD<\/p>\n<p>Nos reservamos el derecho de modificar esta pol\u00edtica de privacidad en cualquier momento, por lo que te pedimos que la revises frecuentemente. Los cambios y aclaraciones entrar\u00e1n en vigor inmediatamente despu\u00e9s de su publicaci\u00f3n en nuestro sitio web. Si hacemos cambios materiales a esta pol\u00edtica, te notificaremos aqu\u00ed que ha sido actualizada, para que est\u00e9s al tanto de qu\u00e9 informaci\u00f3n recopilamos, c\u00f3mo y bajo qu\u00e9 circunstancias, si las hubiere, la utilizamos y\/o divulgamos.<\/p>\n<p>Si nuestra tienda es adquirida o fusionada con otra empresa, tu informaci\u00f3n personal puede ser transferida a los nuevos propietarios, para que podamos seguir vendi\u00e9ndote productos.<\/p>\n<p>PREGUNTAS E INFORMACI\u00d3N DE CONTACTO<\/p>\n<p>Si deseas acceder, corregir, enmendar o borrar cualquier informaci\u00f3n personal que poseamos sobre ti, registrar una queja o simplemente obtener m\u00e1s informaci\u00f3n, cont\u00e1ctanos en prosegmentos@gmail.com o escr\u00edbenos a: Calle Carril del Conde 82, Madrid, Espa\u00f1a.<\/p>\t\t\t\t\t\t\t\t<\/div>\n\t\t\t\t<\/div>\n\t\t\t\t\t<\/div>\n\t\t<\/div>\n\t\t\t\t\t<\/div>\n\t\t<\/section>\n\t\t\t\t<\/div>\n\t\t","protected":false},"excerpt":{"rendered":"<p>SECCI\u00d3N 1 &#8211; \u00bfCU\u00c1L ES NUESTRO MANEJO DE TU INFORMACI\u00d3N? Como parte del proceso de compra-venta en Segmentes.com, recolectamos informaci\u00f3n personal como tu nombre, direcci\u00f3n y correo electr\u00f3nico. Adem\u00e1s, al navegar en nuestro sitio web, recibimos autom\u00e1ticamente la direcci\u00f3n de protocolo de internet de tu ordenador (IP) para brindarnos informaci\u00f3n que nos ayuda a conocer [&hellip;]<\/p>\n","protected":false},"author":1,"featured_media":0,"parent":0,"menu_order":0,"comment_status":"closed","ping_status":"closed","template":"elementor_header_footer","meta":{"footnotes":""},"class_list":["post-487","page","type-page","status-publish","hentry"],"_links":{"self":[{"href":"https:\/\/segmentes.com\/index.php\/wp-json\/wp\/v2\/pages\/487"}],"collection":[{"href":"https:\/\/segmentes.com\/index.php\/wp-json\/wp\/v2\/pages"}],"about":[{"href":"https:\/\/segmentes.com\/index.php\/wp-json\/wp\/v2\/types\/page"}],"author":[{"embeddable":true,"href":"https:\/\/segmentes.com\/index.php\/wp-json\/wp\/v2\/users\/1"}],"replies":[{"embeddable":true,"href":"https:\/\/segmentes.com\/index.php\/wp-json\/wp\/v2\/comments?post=487"}],"version-history":[{"count":7,"href":"https:\/\/segmentes.com\/index.php\/wp-json\/wp\/v2\/pages\/487\/revisions"}],"predecessor-version":[{"id":494,"href":"https:\/\/segmentes.com\/index.php\/wp-json\/wp\/v2\/pages\/487\/revisions\/494"}],"wp:attachment":[{"href":"https:\/\/segmentes.com\/index.php\/wp-json\/wp\/v2\/media?parent=487"}],"curies":[{"name":"wp","href":"https:\/\/api.w.org\/{rel}","templated":true}]}}