{"id":219,"date":"2023-03-26T20:43:41","date_gmt":"2023-03-26T20:43:41","guid":{"rendered":"https:\/\/segmentes.com\/?post_type=product&#038;p=219"},"modified":"2024-09-27T19:12:03","modified_gmt":"2024-09-27T19:12:03","slug":"rodillo-de-jade-gua-sha-set-masajeador-facial-100-natural","status":"publish","type":"product","link":"https:\/\/segmentes.com\/index.php\/product\/rodillo-de-jade-gua-sha-set-masajeador-facial-100-natural\/","title":{"rendered":"Rodillo de Jade, Gua Sha Set Masajeador facial 100% natural"},"content":{"rendered":"<p>\u00a1Aprovecha al m\u00e1ximo el cuidado de tu piel con el Masajeador Facial con Rodillos de Resina Natural! Este rodillo de masaje y tablero de guasha rosa es una herramienta de cuidado facial incre\u00edblemente efectiva y f\u00e1cil de usar.<\/p>\n<p>El masajeador facial de resina natural es firme y ayuda a reducir las arrugas y las l\u00edneas finas. Adem\u00e1s, la herramienta de guasha ayuda a aliviar la tensi\u00f3n facial y mejorar la elasticidad de la piel, reafirmando y acondicionando la piel.<\/p>\n<p>Este rodillo facial tambi\u00e9n ayuda a reducir la hinchaz\u00f3n, las bolsas y las ojeras. Util\u00edzalo tres veces por semana para obtener mejores resultados y para ayudar a que los productos de belleza como cremas y sueros penetren m\u00e1s profundamente en la piel para una mejor absorci\u00f3n.<\/p>\n<p>La herramienta de guasha puede utilizarse en la frente, mejillas, alrededor del \u00e1rea de los labios y el cuello. Cierra los ojos y enrolla suavemente sobre los p\u00e1rpados si tienes ojos hinchados o bolsas debajo de los ojos. \u00dasalo durante 5 a 10 minutos cada vez para una piel suave, radiante y saludable.<\/p>\n<p>\u00a1No esperes m\u00e1s para probar el Masajeador Facial con Rodillos de Resina Natural! Es la herramienta perfecta para a\u00f1adir a tu rutina de cuidado de la piel y promover la circulaci\u00f3n sangu\u00ednea facial para lograr un brillo natural y saludable.<\/p>\n","protected":false},"excerpt":{"rendered":"<ul>\n<li>Rodillo de masaje facial de resina natural firme y efectivo para reducir arrugas y l\u00edneas finas<\/li>\n<li>Tablero de guasha rosa para aliviar la tensi\u00f3n facial y mejorar la elasticidad de la piel<\/li>\n<li>Ayuda a reducir la hinchaz\u00f3n, las bolsas y las ojeras para una piel suave y radiante<\/li>\n<li>Util\u00edzalo tres veces por semana para mejores resultados y absorci\u00f3n de productos de belleza<\/li>\n<li>Puede ser utilizado en la frente, mejillas, \u00e1rea de los labios y cuello para un brillo natural y saludable<\/li>\n<li>F\u00e1cil de usar y limpiar con instrucciones detalladas para una experiencia de cuidado de la piel perfecta.<\/li>\n<\/ul>\n","protected":false},"featured_media":222,"comment_status":"open","ping_status":"closed","template":"","meta":[],"product_brand":[],"product_cat":[27],"product_tag":[],"class_list":{"0":"post-219","1":"product","2":"type-product","3":"status-publish","4":"has-post-thumbnail","6":"product_cat-belleza","8":"first","9":"instock","10":"sale","11":"taxable","12":"shipping-taxable","13":"purchasable","14":"product-type-simple"},"_links":{"self":[{"href":"https:\/\/segmentes.com\/index.php\/wp-json\/wp\/v2\/product\/219"}],"collection":[{"href":"https:\/\/segmentes.com\/index.php\/wp-json\/wp\/v2\/product"}],"about":[{"href":"https:\/\/segmentes.com\/index.php\/wp-json\/wp\/v2\/types\/product"}],"replies":[{"embeddable":true,"href":"https:\/\/segmentes.com\/index.php\/wp-json\/wp\/v2\/comments?post=219"}],"version-history":[{"count":1,"href":"https:\/\/segmentes.com\/index.php\/wp-json\/wp\/v2\/product\/219\/revisions"}],"predecessor-version":[{"id":220,"href":"https:\/\/segmentes.com\/index.php\/wp-json\/wp\/v2\/product\/219\/revisions\/220"}],"wp:featuredmedia":[{"embeddable":true,"href":"https:\/\/segmentes.com\/index.php\/wp-json\/wp\/v2\/media\/222"}],"wp:attachment":[{"href":"https:\/\/segmentes.com\/index.php\/wp-json\/wp\/v2\/media?parent=219"}],"wp:term":[{"taxonomy":"product_brand","embeddable":true,"href":"https:\/\/segmentes.com\/index.php\/wp-json\/wp\/v2\/product_brand?post=219"},{"taxonomy":"product_cat","embeddable":true,"href":"https:\/\/segmentes.com\/index.php\/wp-json\/wp\/v2\/product_cat?post=219"},{"taxonomy":"product_tag","embeddable":true,"href":"https:\/\/segmentes.com\/index.php\/wp-json\/wp\/v2\/product_tag?post=219"}],"curies":[{"name":"wp","href":"https:\/\/api.w.org\/{rel}","templated":true}]}}