{"id":240,"date":"2023-03-26T21:28:09","date_gmt":"2023-03-26T21:28:09","guid":{"rendered":"https:\/\/segmentes.com\/?post_type=product&#038;p=240"},"modified":"2024-09-27T19:12:03","modified_gmt":"2024-09-27T19:12:03","slug":"mini-consola-retro-arcade-con-620-videojuegos","status":"publish","type":"product","link":"https:\/\/segmentes.com\/index.php\/product\/mini-consola-retro-arcade-con-620-videojuegos\/","title":{"rendered":"Mini Consola Retro Arcade con 620 Videojuegos"},"content":{"rendered":"<p>Cl\u00e1sicos de los a\u00f1os 80 y 90 reunidos en una sola consola de juegos de TV retro con 620 juegos \u00e1rcade preinstalados. La diversi\u00f3n est\u00e1 asegurada con dos mandos, para que puedas jugar con amigos y familiares. Olv\u00eddate de la descarga de juegos y la configuraci\u00f3n complicada: simplemente conecta la consola a tu televisor y ench\u00fafala para disfrutar de los cl\u00e1sicos en cuesti\u00f3n de segundos. Adem\u00e1s, esta consola retro es extremadamente compacta y ligera, lo que la hace perfecta para llevarla contigo y jugar en cualquier lugar. La caja incluye todo lo que necesitas: Consola retro, 2 mandos cl\u00e1sicos con cable de 1.5m, fuente de alimentaci\u00f3n europea de micro USB, cable AV e instrucciones. Regala nostalgia a ni\u00f1os y adultos con la mejor experiencia de juego retro. Compatible con pantallas modernas con interfaz AV, ten en cuenta que la calidad de imagen de los juegos de 8 bits no es la misma que la de los juegos actuales.<\/p>\n","protected":false},"excerpt":{"rendered":"<p><span style=\"font-weight: 400;\">\ud83d\udd79\ufe0f Revive tu infancia con la consola de juegos de TV retro, que incluye 620 juegos cl\u00e1sicos de los a\u00f1os 80 y 90. Juegos \u00c1rcade muy conocidos. Tiene dos mandos por que la diversi\u00f3n est\u00e1 doblemente asegurada<\/span><\/p>\n<p><span style=\"font-weight: 400;\">\ud83d\udc7e Listo para jugar en segundos: simplemente conecta la consola a tu televisor y ench\u00fafala, no necesitas descargar juegos ni configurar nada complicado. Empieza a disfrutar de los cl\u00e1sicos de tu infancia en cuesti\u00f3n de segundos.<\/span><\/p>\n<p><span style=\"font-weight: 400;\">\ud83d\udd79\ufe0f La consola retro es extremadamente compacta y ligera, con unas medidas de 13.5cm x 4.5cm x 10cm y un peso de tan solo 0,15 KG, lo que la hace perfecta para llevar contigo y disfrutar de los juegos cl\u00e1sicos en cualquier lugar con amigos y familiares.<\/span><\/p>\n<p><span style=\"font-weight: 400;\">\ud83d\udc7e Todo lo que necesitas para revivir tus juegos cl\u00e1sicos est\u00e1 en la caja: Consola retro, 2 mandos cl\u00e1sicos con cable de 1.5m, fuente de alimentaci\u00f3n europea de micro USB, cable AV, adaptador HDMI e instrucciones. \u00a1Con\u00e9ctalo y empieza a jugar!<\/span><\/p>\n<p><span style=\"font-weight: 400;\">\ud83d\udd79\ufe0f El mejor regalo para ni\u00f1os y adultos: revive la nostalgia de los juegos retro y divi\u00e9rtete con toda la familia.<\/span><\/p>\n<p><span style=\"font-weight: 400;\">\ud83d\udd79\ufe0f Compatible con pantallas modernas con interfaz AV. Ten en cuenta que la calidad de imagen de los juegos de 8 bits no es la misma que la de los juegos actuales<\/span><\/p>\n","protected":false},"featured_media":246,"comment_status":"open","ping_status":"closed","template":"","meta":[],"product_brand":[],"product_cat":[28],"product_tag":[],"class_list":{"0":"post-240","1":"product","2":"type-product","3":"status-publish","4":"has-post-thumbnail","6":"product_cat-electronica","8":"first","9":"instock","10":"sale","11":"taxable","12":"shipping-taxable","13":"purchasable","14":"product-type-simple"},"_links":{"self":[{"href":"https:\/\/segmentes.com\/index.php\/wp-json\/wp\/v2\/product\/240"}],"collection":[{"href":"https:\/\/segmentes.com\/index.php\/wp-json\/wp\/v2\/product"}],"about":[{"href":"https:\/\/segmentes.com\/index.php\/wp-json\/wp\/v2\/types\/product"}],"replies":[{"embeddable":true,"href":"https:\/\/segmentes.com\/index.php\/wp-json\/wp\/v2\/comments?post=240"}],"version-history":[{"count":1,"href":"https:\/\/segmentes.com\/index.php\/wp-json\/wp\/v2\/product\/240\/revisions"}],"predecessor-version":[{"id":249,"href":"https:\/\/segmentes.com\/index.php\/wp-json\/wp\/v2\/product\/240\/revisions\/249"}],"wp:featuredmedia":[{"embeddable":true,"href":"https:\/\/segmentes.com\/index.php\/wp-json\/wp\/v2\/media\/246"}],"wp:attachment":[{"href":"https:\/\/segmentes.com\/index.php\/wp-json\/wp\/v2\/media?parent=240"}],"wp:term":[{"taxonomy":"product_brand","embeddable":true,"href":"https:\/\/segmentes.com\/index.php\/wp-json\/wp\/v2\/product_brand?post=240"},{"taxonomy":"product_cat","embeddable":true,"href":"https:\/\/segmentes.com\/index.php\/wp-json\/wp\/v2\/product_cat?post=240"},{"taxonomy":"product_tag","embeddable":true,"href":"https:\/\/segmentes.com\/index.php\/wp-json\/wp\/v2\/product_tag?post=240"}],"curies":[{"name":"wp","href":"https:\/\/api.w.org\/{rel}","templated":true}]}}